{"id":31,"date":"2019-12-17T15:37:47","date_gmt":"2019-12-17T15:37:47","guid":{"rendered":"https:\/\/grundschule-bad-lausick.de\/?page_id=31"},"modified":"2026-03-16T21:08:20","modified_gmt":"2026-03-16T20:08:20","slug":"schulprogramm","status":"publish","type":"page","link":"https:\/\/grundschule-bad-lausick.de\/?page_id=31","title":{"rendered":"Schulprogramm \/ Hausordnung"},"content":{"rendered":"\n<p>Das Motto unserer Schule lautet: <strong>\u201eAktiv mit allen Sinnen leben und lernen\u201c<\/strong><\/p>\n\n\n\n<p>Unsere Leits\u00e4tze:<\/p>\n\n\n\n<ol class=\"wp-block-list\">\n<li>Wir verstehen uns als Lern- und Lebensraum, der zunehmend den individuellen Bed\u00fcrfnissen der Kinder Rechnung tragen muss.<\/li>\n\n\n\n<li>In einem Klima, was von gegenseitiger W\u00e4rme und Respekt gepr\u00e4gt ist, soll gemeinsam gelebt und erlebt werden. <\/li>\n\n\n\n<li>Durch vielf\u00e4ltige Lernangebote regen wir die Eigeninitiative der Sch\u00fcler an und erhalten die Freude am Lernen. <\/li>\n\n\n\n<li>Wir reagieren auf gesellschaftliche Ver\u00e4nderungen im Umfeld der Kinder und wirken bei famili\u00e4ren Problemen unterst\u00fctzend und beratend. <\/li>\n\n\n\n<li>Traditionen pflegen und&nbsp; entwickeln wir.&nbsp; <\/li>\n\n\n\n<li>Wir sichern und verbessern durch Zusammenarbeit mit verschiedenen Einrichtungen die Qualit\u00e4t von Unterricht und Schulleben. <\/li>\n<\/ol>\n\n\n\n<p>Wir stellen uns zwei Entwicklungsziele, die im Folgenden mit Arbeitsschwerpunkten unterlegt sind:<\/p>\n\n\n\n<p><strong>Entwicklungsziel 1:&nbsp;&nbsp;<\/strong>Schule und Hort arbeiten eng zusammen, um den Kindern ganzt\u00e4gig&nbsp;Entwicklungs- und Entfaltungsm\u00f6glichkeiten zu schaffen.<\/p>\n\n\n\n<p>Arbeitsschwerpunkte:<\/p>\n\n\n\n<ul class=\"wp-block-list\">\n<li>Vorbereitung und Beteiligung der Kollegen an den zwei j\u00e4hrlich stattfindenden Hortfesten <\/li>\n\n\n\n<li>Absprachen zu Form und Umfang der Hausaufgabenanfertigung <\/li>\n\n\n\n<li>Gemeinsame Dienstberatungen <\/li>\n\n\n\n<li>Gemeinsame Planung, Organisation und Evaluation zu GTA <\/li>\n\n\n\n<li>Planung und Durchf\u00fchrung gemeinsamer Elternabende, jeweils 2 Elternabende pro Schuljahr \/&nbsp;Einschulungselternabend <\/li>\n<\/ul>\n\n\n\n<p><strong>Entwicklungsziel 2:&nbsp;&nbsp;&nbsp;<\/strong>Im Unterricht und in der Freizeit werden die Sch\u00fcler differenziert gef\u00f6rdert und gefordert, um&nbsp;der immer gr\u00f6\u00dfer werdenden Heterogenit\u00e4t&nbsp;Rechnung&nbsp;zu tragen. Die Bewertung erfolgt in konstruktiver und transparenter&nbsp;Art&nbsp;&nbsp;und Weise.<\/p>\n\n\n\n<p>Arbeitsschwerpunkte:<\/p>\n\n\n\n<ul class=\"wp-block-list\">\n<li>Teilnahme der Lehrkr\u00e4fte an individuellen und schulbezogenen Fortbildungen (entsprechend des Fortbildungskonzeptes)<\/li>\n\n\n\n<li>Planung und Durchf\u00fchrung von zwei j\u00e4hrlichen Elternabenden sowie individuellen&nbsp;Entwicklungsgespr\u00e4chen mit&nbsp;Eltern <\/li>\n\n\n\n<li>j\u00e4hrliche Evaluation&nbsp; der GTA als Grundlage zur Neuplanung <\/li>\n<\/ul>\n\n\n\n<h2 class=\"wp-block-heading\">Hausordnung<\/h2>\n\n\n\n<p>Nachfolgend die Hausordnung der Grundschule Bad Lausick:<\/p>\n\n\n\n<div class=\"wp-block-file\"><a id=\"wp-block-file--media-d57d8d72-a7a4-40e9-9365-74c19dd3ac5e\" href=\"https:\/\/grundschule-bad-lausick.de\/wp-content\/uploads\/2026\/03\/Hausordnung-der-Grundschule.pdf\">Hausordnung der Grundschule &#8211; 2025\/2026<\/a><a href=\"https:\/\/grundschule-bad-lausick.de\/wp-content\/uploads\/2026\/03\/Hausordnung-der-Grundschule.pdf\" class=\"wp-block-file__button wp-element-button\" download aria-describedby=\"wp-block-file--media-d57d8d72-a7a4-40e9-9365-74c19dd3ac5e\">Hausordnung Datei<\/a><\/div>\n\n\n\n<div class=\"wp-block-file\"><a id=\"wp-block-file--media-794d6acc-36d0-44c2-81a1-6ebbe9883614\" href=\"https:\/\/grundschule-bad-lausick.de\/wp-content\/uploads\/2023\/09\/Hausordnung-fuer-Schueler-1.pdf\">Hausordnung f\u00fcr Sch\u00fcler &#8211; Stand: 09.2023<\/a><a href=\"https:\/\/grundschule-bad-lausick.de\/wp-content\/uploads\/2023\/09\/Hausordnung-fuer-Schueler-1.pdf\" class=\"wp-block-file__button wp-element-button\" download aria-describedby=\"wp-block-file--media-794d6acc-36d0-44c2-81a1-6ebbe9883614\">Hausordnung Sch\u00fcler.<\/a><\/div>\n\n\n\n<p><\/p>\n","protected":false},"excerpt":{"rendered":"<p>Das Motto unserer Schule lautet: \u201eAktiv mit allen Sinnen leben und lernen\u201c Unsere Leits\u00e4tze: Wir stellen uns zwei Entwicklungsziele, die &hellip; <\/p>\n","protected":false},"author":1,"featured_media":0,"parent":0,"menu_order":0,"comment_status":"closed","ping_status":"closed","template":"","meta":{"footnotes":""},"class_list":["post-31","page","type-page","status-publish","hentry"],"yoast_head":"<!-- This site is optimized with the Yoast SEO plugin v27.6 - https:\/\/yoast.com\/product\/yoast-seo-wordpress\/ -->\n<title>Schulprogramm \/ Hausordnung - Grundschule Bad Lausick<\/title>\n<meta name=\"robots\" content=\"index, follow, max-snippet:-1, max-image-preview:large, max-video-preview:-1\" \/>\n<link rel=\"canonical\" href=\"https:\/\/grundschule-bad-lausick.de\/?page_id=31\" \/>\n<meta property=\"og:locale\" content=\"de_DE\" \/>\n<meta property=\"og:type\" content=\"article\" \/>\n<meta property=\"og:title\" content=\"Schulprogramm \/ Hausordnung - Grundschule Bad Lausick\" \/>\n<meta property=\"og:description\" content=\"Das Motto unserer Schule lautet: \u201eAktiv mit allen Sinnen leben und lernen\u201c Unsere Leits\u00e4tze: Wir stellen uns zwei Entwicklungsziele, die &hellip;\" \/>\n<meta property=\"og:url\" content=\"https:\/\/grundschule-bad-lausick.de\/?page_id=31\" \/>\n<meta property=\"og:site_name\" content=\"Grundschule Bad Lausick\" \/>\n<meta property=\"article:modified_time\" content=\"2026-03-16T20:08:20+00:00\" \/>\n<meta name=\"twitter:card\" content=\"summary_large_image\" \/>\n<meta name=\"twitter:label1\" content=\"Gesch\u00e4tzte Lesezeit\" \/>\n\t<meta name=\"twitter:data1\" content=\"2\u00a0Minuten\" \/>\n<script type=\"application\/ld+json\" class=\"yoast-schema-graph\">{\"@context\":\"https:\\\/\\\/schema.org\",\"@graph\":[{\"@type\":\"WebPage\",\"@id\":\"https:\\\/\\\/grundschule-bad-lausick.de\\\/?page_id=31\",\"url\":\"https:\\\/\\\/grundschule-bad-lausick.de\\\/?page_id=31\",\"name\":\"Schulprogramm \\\/ Hausordnung - Grundschule Bad Lausick\",\"isPartOf\":{\"@id\":\"https:\\\/\\\/grundschule-bad-lausick.de\\\/#website\"},\"datePublished\":\"2019-12-17T15:37:47+00:00\",\"dateModified\":\"2026-03-16T20:08:20+00:00\",\"breadcrumb\":{\"@id\":\"https:\\\/\\\/grundschule-bad-lausick.de\\\/?page_id=31#breadcrumb\"},\"inLanguage\":\"de\",\"potentialAction\":[{\"@type\":\"ReadAction\",\"target\":[\"https:\\\/\\\/grundschule-bad-lausick.de\\\/?page_id=31\"]}]},{\"@type\":\"BreadcrumbList\",\"@id\":\"https:\\\/\\\/grundschule-bad-lausick.de\\\/?page_id=31#breadcrumb\",\"itemListElement\":[{\"@type\":\"ListItem\",\"position\":1,\"name\":\"Home\",\"item\":\"https:\\\/\\\/grundschule-bad-lausick.de\\\/\"},{\"@type\":\"ListItem\",\"position\":2,\"name\":\"Schulprogramm \\\/ Hausordnung\"}]},{\"@type\":\"WebSite\",\"@id\":\"https:\\\/\\\/grundschule-bad-lausick.de\\\/#website\",\"url\":\"https:\\\/\\\/grundschule-bad-lausick.de\\\/\",\"name\":\"Grundschule Bad Lausick\",\"description\":\"\u201eAktiv mit allen Sinnen leben und lernen\u201c\",\"potentialAction\":[{\"@type\":\"SearchAction\",\"target\":{\"@type\":\"EntryPoint\",\"urlTemplate\":\"https:\\\/\\\/grundschule-bad-lausick.de\\\/?s={search_term_string}\"},\"query-input\":{\"@type\":\"PropertyValueSpecification\",\"valueRequired\":true,\"valueName\":\"search_term_string\"}}],\"inLanguage\":\"de\"}]}<\/script>\n<!-- \/ Yoast SEO plugin. -->","yoast_head_json":{"title":"Schulprogramm \/ Hausordnung - Grundschule Bad Lausick","robots":{"index":"index","follow":"follow","max-snippet":"max-snippet:-1","max-image-preview":"max-image-preview:large","max-video-preview":"max-video-preview:-1"},"canonical":"https:\/\/grundschule-bad-lausick.de\/?page_id=31","og_locale":"de_DE","og_type":"article","og_title":"Schulprogramm \/ Hausordnung - Grundschule Bad Lausick","og_description":"Das Motto unserer Schule lautet: \u201eAktiv mit allen Sinnen leben und lernen\u201c Unsere Leits\u00e4tze: Wir stellen uns zwei Entwicklungsziele, die &hellip;","og_url":"https:\/\/grundschule-bad-lausick.de\/?page_id=31","og_site_name":"Grundschule Bad Lausick","article_modified_time":"2026-03-16T20:08:20+00:00","twitter_card":"summary_large_image","twitter_misc":{"Gesch\u00e4tzte Lesezeit":"2\u00a0Minuten"},"schema":{"@context":"https:\/\/schema.org","@graph":[{"@type":"WebPage","@id":"https:\/\/grundschule-bad-lausick.de\/?page_id=31","url":"https:\/\/grundschule-bad-lausick.de\/?page_id=31","name":"Schulprogramm \/ Hausordnung - Grundschule Bad Lausick","isPartOf":{"@id":"https:\/\/grundschule-bad-lausick.de\/#website"},"datePublished":"2019-12-17T15:37:47+00:00","dateModified":"2026-03-16T20:08:20+00:00","breadcrumb":{"@id":"https:\/\/grundschule-bad-lausick.de\/?page_id=31#breadcrumb"},"inLanguage":"de","potentialAction":[{"@type":"ReadAction","target":["https:\/\/grundschule-bad-lausick.de\/?page_id=31"]}]},{"@type":"BreadcrumbList","@id":"https:\/\/grundschule-bad-lausick.de\/?page_id=31#breadcrumb","itemListElement":[{"@type":"ListItem","position":1,"name":"Home","item":"https:\/\/grundschule-bad-lausick.de\/"},{"@type":"ListItem","position":2,"name":"Schulprogramm \/ Hausordnung"}]},{"@type":"WebSite","@id":"https:\/\/grundschule-bad-lausick.de\/#website","url":"https:\/\/grundschule-bad-lausick.de\/","name":"Grundschule Bad Lausick","description":"\u201eAktiv mit allen Sinnen leben und lernen\u201c","potentialAction":[{"@type":"SearchAction","target":{"@type":"EntryPoint","urlTemplate":"https:\/\/grundschule-bad-lausick.de\/?s={search_term_string}"},"query-input":{"@type":"PropertyValueSpecification","valueRequired":true,"valueName":"search_term_string"}}],"inLanguage":"de"}]}},"_links":{"self":[{"href":"https:\/\/grundschule-bad-lausick.de\/index.php?rest_route=\/wp\/v2\/pages\/31","targetHints":{"allow":["GET"]}}],"collection":[{"href":"https:\/\/grundschule-bad-lausick.de\/index.php?rest_route=\/wp\/v2\/pages"}],"about":[{"href":"https:\/\/grundschule-bad-lausick.de\/index.php?rest_route=\/wp\/v2\/types\/page"}],"author":[{"embeddable":true,"href":"https:\/\/grundschule-bad-lausick.de\/index.php?rest_route=\/wp\/v2\/users\/1"}],"replies":[{"embeddable":true,"href":"https:\/\/grundschule-bad-lausick.de\/index.php?rest_route=%2Fwp%2Fv2%2Fcomments&post=31"}],"version-history":[{"count":7,"href":"https:\/\/grundschule-bad-lausick.de\/index.php?rest_route=\/wp\/v2\/pages\/31\/revisions"}],"predecessor-version":[{"id":1739,"href":"https:\/\/grundschule-bad-lausick.de\/index.php?rest_route=\/wp\/v2\/pages\/31\/revisions\/1739"}],"wp:attachment":[{"href":"https:\/\/grundschule-bad-lausick.de\/index.php?rest_route=%2Fwp%2Fv2%2Fmedia&parent=31"}],"curies":[{"name":"wp","href":"https:\/\/api.w.org\/{rel}","templated":true}]}}