{"id":135,"date":"2019-12-18T12:15:36","date_gmt":"2019-12-18T11:15:36","guid":{"rendered":"https:\/\/grundschule-bad-lausick.de\/?page_id=135"},"modified":"2026-04-19T15:54:34","modified_gmt":"2026-04-19T14:54:34","slug":"ganztagsangebote-gta","status":"publish","type":"page","link":"https:\/\/grundschule-bad-lausick.de\/?page_id=135","title":{"rendered":"Ganztagsangebote (GTA)"},"content":{"rendered":"\n<p><\/p>\n\n\n\n<hr class=\"wp-block-separator has-alpha-channel-opacity\"\/>\n\n\n\n<p>Seit dem Schuljahr 2009\/2010 gibt es an unserer Grundschule Ganztagsangebote.  <\/p>\n\n\n\n<p>Unter dem Motto &#8222;Aktiv mit allen Sinnen leben und lernen&#8220; ist es unser Anliegen, individuellen Bed\u00fcrfnissen unserer Kinder immer besser Rechnung tragen zu k\u00f6nnen. So&nbsp;gibt es&nbsp;zahlreiche F\u00f6rderangebote und Arbeitsgemeinschaften, die von Montag bis&nbsp;Freitag durchgef\u00fchrt werden. <\/p>\n\n\n\n<p>Die Ganztagsangebote f\u00fcr das Schuljahr 2025\/2026 finden Sie folgend:<\/p>\n\n\n\n<div class=\"wp-block-file\"><a href=\"https:\/\/grundschule-bad-lausick.de\/wp-content\/uploads\/2024\/12\/GTA-Gesamtplanung-24-25_122024.pdf\" class=\"wp-block-file__button wp-element-button\" download>Datei GTA-Angebote<\/a><\/div>\n\n\n\n<div data-wp-interactive=\"core\/file\" class=\"wp-block-file\"><object data-wp-bind--hidden=\"!state.hasPdfPreview\" hidden class=\"wp-block-file__embed\" data=\"https:\/\/grundschule-bad-lausick.de\/wp-content\/uploads\/2026\/04\/GTA-Gesamtplanung-25-26.pdf\" type=\"application\/pdf\" style=\"width:100%;height:600px\" aria-label=\"Einbettung von GTA Gesamtplanung 25-26.\"><\/object><a id=\"wp-block-file--media-7c4794c5-1e41-4483-939d-ed7aaf22c6a5\" href=\"https:\/\/grundschule-bad-lausick.de\/wp-content\/uploads\/2026\/04\/GTA-Gesamtplanung-25-26.pdf\">GTA Gesamtplanung 25-26<\/a><a href=\"https:\/\/grundschule-bad-lausick.de\/wp-content\/uploads\/2026\/04\/GTA-Gesamtplanung-25-26.pdf\" class=\"wp-block-file__button wp-element-button\" download aria-describedby=\"wp-block-file--media-7c4794c5-1e41-4483-939d-ed7aaf22c6a5\">Herunterladen<\/a><\/div>\n\n\n\n<figure class=\"wp-block-gallery has-nested-images columns-default is-cropped wp-block-gallery-1 is-layout-flex wp-block-gallery-is-layout-flex\"><\/figure>\n\n\n\n<p><\/p>\n","protected":false},"excerpt":{"rendered":"<p>Seit dem Schuljahr 2009\/2010 gibt es an unserer Grundschule Ganztagsangebote. Unter dem Motto &#8222;Aktiv mit allen Sinnen leben und lernen&#8220; &hellip; <\/p>\n","protected":false},"author":1,"featured_media":0,"parent":0,"menu_order":0,"comment_status":"closed","ping_status":"closed","template":"","meta":{"footnotes":""},"class_list":["post-135","page","type-page","status-publish","hentry"],"yoast_head":"<!-- This site is optimized with the Yoast SEO plugin v27.6 - https:\/\/yoast.com\/product\/yoast-seo-wordpress\/ -->\n<title>Ganztagsangebote (GTA) - Grundschule Bad Lausick<\/title>\n<meta name=\"robots\" content=\"index, follow, max-snippet:-1, max-image-preview:large, max-video-preview:-1\" \/>\n<link rel=\"canonical\" href=\"https:\/\/grundschule-bad-lausick.de\/?page_id=135\" \/>\n<meta property=\"og:locale\" content=\"de_DE\" \/>\n<meta property=\"og:type\" content=\"article\" \/>\n<meta property=\"og:title\" content=\"Ganztagsangebote (GTA) - Grundschule Bad Lausick\" \/>\n<meta property=\"og:description\" content=\"Seit dem Schuljahr 2009\/2010 gibt es an unserer Grundschule Ganztagsangebote. Unter dem Motto &#8222;Aktiv mit allen Sinnen leben und lernen&#8220; &hellip;\" \/>\n<meta property=\"og:url\" content=\"https:\/\/grundschule-bad-lausick.de\/?page_id=135\" \/>\n<meta property=\"og:site_name\" content=\"Grundschule Bad Lausick\" \/>\n<meta property=\"article:modified_time\" content=\"2026-04-19T14:54:34+00:00\" \/>\n<meta name=\"twitter:card\" content=\"summary_large_image\" \/>\n<meta name=\"twitter:label1\" content=\"Gesch\u00e4tzte Lesezeit\" \/>\n\t<meta name=\"twitter:data1\" content=\"1\u00a0Minute\" \/>\n<script type=\"application\/ld+json\" class=\"yoast-schema-graph\">{\"@context\":\"https:\\\/\\\/schema.org\",\"@graph\":[{\"@type\":\"WebPage\",\"@id\":\"https:\\\/\\\/grundschule-bad-lausick.de\\\/?page_id=135\",\"url\":\"https:\\\/\\\/grundschule-bad-lausick.de\\\/?page_id=135\",\"name\":\"Ganztagsangebote (GTA) - Grundschule Bad Lausick\",\"isPartOf\":{\"@id\":\"https:\\\/\\\/grundschule-bad-lausick.de\\\/#website\"},\"datePublished\":\"2019-12-18T11:15:36+00:00\",\"dateModified\":\"2026-04-19T14:54:34+00:00\",\"breadcrumb\":{\"@id\":\"https:\\\/\\\/grundschule-bad-lausick.de\\\/?page_id=135#breadcrumb\"},\"inLanguage\":\"de\",\"potentialAction\":[{\"@type\":\"ReadAction\",\"target\":[\"https:\\\/\\\/grundschule-bad-lausick.de\\\/?page_id=135\"]}]},{\"@type\":\"BreadcrumbList\",\"@id\":\"https:\\\/\\\/grundschule-bad-lausick.de\\\/?page_id=135#breadcrumb\",\"itemListElement\":[{\"@type\":\"ListItem\",\"position\":1,\"name\":\"Home\",\"item\":\"https:\\\/\\\/grundschule-bad-lausick.de\\\/\"},{\"@type\":\"ListItem\",\"position\":2,\"name\":\"Ganztagsangebote (GTA)\"}]},{\"@type\":\"WebSite\",\"@id\":\"https:\\\/\\\/grundschule-bad-lausick.de\\\/#website\",\"url\":\"https:\\\/\\\/grundschule-bad-lausick.de\\\/\",\"name\":\"Grundschule Bad Lausick\",\"description\":\"\u201eAktiv mit allen Sinnen leben und lernen\u201c\",\"potentialAction\":[{\"@type\":\"SearchAction\",\"target\":{\"@type\":\"EntryPoint\",\"urlTemplate\":\"https:\\\/\\\/grundschule-bad-lausick.de\\\/?s={search_term_string}\"},\"query-input\":{\"@type\":\"PropertyValueSpecification\",\"valueRequired\":true,\"valueName\":\"search_term_string\"}}],\"inLanguage\":\"de\"}]}<\/script>\n<!-- \/ Yoast SEO plugin. -->","yoast_head_json":{"title":"Ganztagsangebote (GTA) - Grundschule Bad Lausick","robots":{"index":"index","follow":"follow","max-snippet":"max-snippet:-1","max-image-preview":"max-image-preview:large","max-video-preview":"max-video-preview:-1"},"canonical":"https:\/\/grundschule-bad-lausick.de\/?page_id=135","og_locale":"de_DE","og_type":"article","og_title":"Ganztagsangebote (GTA) - Grundschule Bad Lausick","og_description":"Seit dem Schuljahr 2009\/2010 gibt es an unserer Grundschule Ganztagsangebote. Unter dem Motto &#8222;Aktiv mit allen Sinnen leben und lernen&#8220; &hellip;","og_url":"https:\/\/grundschule-bad-lausick.de\/?page_id=135","og_site_name":"Grundschule Bad Lausick","article_modified_time":"2026-04-19T14:54:34+00:00","twitter_card":"summary_large_image","twitter_misc":{"Gesch\u00e4tzte Lesezeit":"1\u00a0Minute"},"schema":{"@context":"https:\/\/schema.org","@graph":[{"@type":"WebPage","@id":"https:\/\/grundschule-bad-lausick.de\/?page_id=135","url":"https:\/\/grundschule-bad-lausick.de\/?page_id=135","name":"Ganztagsangebote (GTA) - Grundschule Bad Lausick","isPartOf":{"@id":"https:\/\/grundschule-bad-lausick.de\/#website"},"datePublished":"2019-12-18T11:15:36+00:00","dateModified":"2026-04-19T14:54:34+00:00","breadcrumb":{"@id":"https:\/\/grundschule-bad-lausick.de\/?page_id=135#breadcrumb"},"inLanguage":"de","potentialAction":[{"@type":"ReadAction","target":["https:\/\/grundschule-bad-lausick.de\/?page_id=135"]}]},{"@type":"BreadcrumbList","@id":"https:\/\/grundschule-bad-lausick.de\/?page_id=135#breadcrumb","itemListElement":[{"@type":"ListItem","position":1,"name":"Home","item":"https:\/\/grundschule-bad-lausick.de\/"},{"@type":"ListItem","position":2,"name":"Ganztagsangebote (GTA)"}]},{"@type":"WebSite","@id":"https:\/\/grundschule-bad-lausick.de\/#website","url":"https:\/\/grundschule-bad-lausick.de\/","name":"Grundschule Bad Lausick","description":"\u201eAktiv mit allen Sinnen leben und lernen\u201c","potentialAction":[{"@type":"SearchAction","target":{"@type":"EntryPoint","urlTemplate":"https:\/\/grundschule-bad-lausick.de\/?s={search_term_string}"},"query-input":{"@type":"PropertyValueSpecification","valueRequired":true,"valueName":"search_term_string"}}],"inLanguage":"de"}]}},"_links":{"self":[{"href":"https:\/\/grundschule-bad-lausick.de\/index.php?rest_route=\/wp\/v2\/pages\/135","targetHints":{"allow":["GET"]}}],"collection":[{"href":"https:\/\/grundschule-bad-lausick.de\/index.php?rest_route=\/wp\/v2\/pages"}],"about":[{"href":"https:\/\/grundschule-bad-lausick.de\/index.php?rest_route=\/wp\/v2\/types\/page"}],"author":[{"embeddable":true,"href":"https:\/\/grundschule-bad-lausick.de\/index.php?rest_route=\/wp\/v2\/users\/1"}],"replies":[{"embeddable":true,"href":"https:\/\/grundschule-bad-lausick.de\/index.php?rest_route=%2Fwp%2Fv2%2Fcomments&post=135"}],"version-history":[{"count":39,"href":"https:\/\/grundschule-bad-lausick.de\/index.php?rest_route=\/wp\/v2\/pages\/135\/revisions"}],"predecessor-version":[{"id":1760,"href":"https:\/\/grundschule-bad-lausick.de\/index.php?rest_route=\/wp\/v2\/pages\/135\/revisions\/1760"}],"wp:attachment":[{"href":"https:\/\/grundschule-bad-lausick.de\/index.php?rest_route=%2Fwp%2Fv2%2Fmedia&parent=135"}],"curies":[{"name":"wp","href":"https:\/\/api.w.org\/{rel}","templated":true}]}}